{"id":12,"date":"2021-05-25T09:39:20","date_gmt":"2021-05-25T07:39:20","guid":{"rendered":"http:\/\/hotel-tortuga.com\/?page_id=12"},"modified":"2025-08-20T11:43:52","modified_gmt":"2025-08-20T09:43:52","slug":"tortuga","status":"publish","type":"page","link":"https:\/\/hotel-tortuga.com\/de\/","title":{"rendered":"Tortuga"},"content":{"rendered":"<div class=\"wpb-content-wrapper\"><p>[vc_row bg_type=&#8220;bg_color&#8220; bg_override=&#8220;full&#8220; css=&#8220;.vc_custom_1626780048049{margin-top: -70px !important;margin-bottom: 20px !important;padding-top: 20px !important;padding-bottom: 20px !important;}&#8220; bg_color_value=&#8220;#f4f4f4&#8243;][vc_column][vc_column_text]<\/p>\n<h1 style=\"text-align: center;\">Tortuga<\/h1>\n<h3 style=\"text-align: center;\">Hotel | Tex-Mex Bar &amp; Grill in Grafenw\u00f6hr<\/h3>\n<p>[\/vc_column_text][vc_row_inner][vc_column_inner width=&#8220;1\/2&#8243;][vc_column_text]Unsere Familie freut sich sehr, Sie in Grafenw\u00f6hr und im Tortuga Hotel | Tex-Mex Bar &amp; Grill begr\u00fc\u00dfen zu d\u00fcrfen.<\/p>\n<p>F\u00fchlen Sie sich in unseren neu renovierten G\u00e4stezimmern, Suiten und Apartments wie zu Hause \u2013 alle Zimmer \u00fcberzeugen mit einzigartigem Design, stilvollen Badezimmern, Flachbild-TVs und kostenlosem Highspeed-WLAN.[\/vc_column_text][\/vc_column_inner][vc_column_inner width=&#8220;1\/2&#8243;][vc_column_text]Das Hotel liegt mit seinen Restaurant verkehrsg\u00fcnstig gegen\u00fcber dem Tor 3 des Truppen\u00fcbungsplatzes Grafenw\u00f6hr mit ausreichend kostenfreien Parkpl\u00e4tzen auf dem Gel\u00e4nde.<\/p>\n<p>Genie\u00dfen Sie Tex-Mex-inspirierte K\u00fcche in unserem beliebten Restaurant mit Sitzgelegenheiten im Innen- und Au\u00dfenbereich. Wir servieren frische, authentische Tex-Mex-Gerichte und die besten Margaritas der Stadt.[\/vc_column_text][\/vc_column_inner][\/vc_row_inner][\/vc_column][\/vc_row][vc_row][vc_column][vc_row_inner equal_height=&#8220;yes&#8220; gap=&#8220;25&#8243;][vc_column_inner width=&#8220;1\/3&#8243; css=&#8220;.vc_custom_1623153296503{padding-top: 15px !important;padding-right: 15px !important;padding-bottom: 15px !important;padding-left: 15px !important;background-color: #f4f4f4 !important;}&#8220;][vc_single_image image=&#8220;114&#8243; img_size=&#8220;380&#215;250&#8243; onclick=&#8220;custom_link&#8220; link=&#8220;\/de\/hotel\/&#8220;][vc_column_text]<\/p>\n<h2 style=\"text-align: center;\"><a href=\"\/de\/hotel\/\">Hotel<\/a><\/h2>\n<p>Kein Zimmer gleicht dem anderen, alle sind einzigartig! Die R\u00e4ume im Hotel Tortuga haben einige Highlights wie komfortable Kingsize-Betten, kostenloses WLAN, Flachbildfernseher und moderne Badezimmer.[\/vc_column_text][\/vc_column_inner][vc_column_inner width=&#8220;1\/3&#8243; css=&#8220;.vc_custom_1623153306638{padding-top: 15px !important;padding-right: 15px !important;padding-bottom: 15px !important;padding-left: 15px !important;background-color: #f4f4f4 !important;}&#8220;][vc_single_image image=&#8220;180&#8243; img_size=&#8220;380&#215;250&#8243; onclick=&#8220;custom_link&#8220; link=&#8220;\/de\/apartment\/&#8220;][vc_column_text]<\/p>\n<h2 style=\"text-align: center;\"><a href=\"\/de\/apartment\/\">Apartment<\/a><\/h2>\n<p>Perfekt f\u00fcr l\u00e4ngere Aufenthalte &#8211; das Apartment bietet alles, was Sie zum Entspannen und Erholen bei der Erkundung von Grafenw\u00f6hr ben\u00f6tigen.[\/vc_column_text][\/vc_column_inner][vc_column_inner width=&#8220;1\/3&#8243; css=&#8220;.vc_custom_1623153318607{padding-top: 15px !important;padding-right: 15px !important;padding-bottom: 15px !important;padding-left: 15px !important;background-color: #f4f4f4 !important;}&#8220;][vc_single_image image=&#8220;283&#8243; img_size=&#8220;380&#215;250&#8243; onclick=&#8220;custom_link&#8220; link=&#8220;\/de\/tex-mex-restaurant\/&#8220;][vc_column_text css=&#8220;&#8220;]<\/p>\n<h2 style=\"text-align: center;\"><a href=\"\/de\/tex-mex-restaurant\/\">Tex-Mex Bar &amp; Grill<\/a><\/h2>\n<p>Enchiladas, Fajitas oder Tex-Mex-Platten. Unser Restaurant bietet den perfekten Rahmen um mit Kollegen, Freunden und Familie zu entspannen.[\/vc_column_text][\/vc_column_inner][\/vc_row_inner][\/vc_column][\/vc_row]<\/p>\n<\/div>","protected":false},"excerpt":{"rendered":"<p>[vc_row bg_type=&#8220;bg_color&#8220; bg_override=&#8220;full&#8220; css=&#8220;.vc_custom_1626780048049{margin-top: -70px !important;margin-bottom: 20px !important;padding-top: 20px !important;padding-bottom: 20px !important;}&#8220; bg_color_value=&#8220;#f4f4f4&#8243;][vc_column][vc_column_text] Tortuga Hotel | Tex-Mex Bar &amp; Grill in Grafenw\u00f6hr [\/vc_column_text][vc_row_inner][vc_column_inner width=&#8220;1\/2&#8243;][vc_column_text]Unsere Familie freut sich sehr, Sie in Grafenw\u00f6hr und im Tortuga Hotel | Tex-Mex Bar &amp; Grill begr\u00fc\u00dfen zu d\u00fcrfen. F\u00fchlen Sie sich in unseren neu renovierten G\u00e4stezimmern, Suiten und Apartments wie&hellip;<\/p>\n","protected":false},"author":1,"featured_media":0,"parent":0,"menu_order":0,"comment_status":"closed","ping_status":"closed","template":"","meta":{"footnotes":""},"class_list":["post-12","page","type-page","status-publish","hentry","description-off"],"yoast_head":"<!-- This site is optimized with the Yoast SEO plugin v26.8 - https:\/\/yoast.com\/product\/yoast-seo-wordpress\/ -->\n<title>Tortuga - Tortuga<\/title>\n<meta name=\"description\" content=\"Hotel und Tex-Mex Restaurant &quot;Tortuga&quot; in Grafenw\u00f6hr. Unsere Familie und unser Team freuen sich, Sie als Gast bei Tortuga begr\u00fc\u00dfen zu d\u00fcrfen.\" \/>\n<meta name=\"robots\" content=\"index, follow, max-snippet:-1, max-image-preview:large, max-video-preview:-1\" \/>\n<link rel=\"canonical\" href=\"https:\/\/hotel-tortuga.com\/de\/\" \/>\n<meta property=\"og:locale\" content=\"de_DE\" \/>\n<meta property=\"og:type\" content=\"article\" \/>\n<meta property=\"og:title\" content=\"Tortuga - Tortuga\" \/>\n<meta property=\"og:description\" content=\"Hotel und Tex-Mex Restaurant &quot;Tortuga&quot; in Grafenw\u00f6hr. Unsere Familie und unser Team freuen sich, Sie als Gast bei Tortuga begr\u00fc\u00dfen zu d\u00fcrfen.\" \/>\n<meta property=\"og:url\" content=\"https:\/\/hotel-tortuga.com\/de\/\" \/>\n<meta property=\"og:site_name\" content=\"Tortuga\" \/>\n<meta property=\"article:publisher\" content=\"https:\/\/www.facebook.com\/1tortuga\" \/>\n<meta property=\"article:modified_time\" content=\"2025-08-20T09:43:52+00:00\" \/>\n<meta name=\"twitter:card\" content=\"summary_large_image\" \/>\n<meta name=\"twitter:label1\" content=\"Gesch\u00e4tzte Lesezeit\" \/>\n\t<meta name=\"twitter:data1\" content=\"2\u00a0Minuten\" \/>\n<script type=\"application\/ld+json\" class=\"yoast-schema-graph\">{\"@context\":\"https:\/\/schema.org\",\"@graph\":[{\"@type\":\"WebPage\",\"@id\":\"https:\/\/hotel-tortuga.com\/de\/\",\"url\":\"https:\/\/hotel-tortuga.com\/de\/\",\"name\":\"Tortuga - Tortuga\",\"isPartOf\":{\"@id\":\"https:\/\/hotel-tortuga.com\/#website\"},\"datePublished\":\"2021-05-25T07:39:20+00:00\",\"dateModified\":\"2025-08-20T09:43:52+00:00\",\"description\":\"Hotel und Tex-Mex Restaurant \\\"Tortuga\\\" in Grafenw\u00f6hr. Unsere Familie und unser Team freuen sich, Sie als Gast bei Tortuga begr\u00fc\u00dfen zu d\u00fcrfen.\",\"breadcrumb\":{\"@id\":\"https:\/\/hotel-tortuga.com\/de\/#breadcrumb\"},\"inLanguage\":\"de\",\"potentialAction\":[{\"@type\":\"ReadAction\",\"target\":[\"https:\/\/hotel-tortuga.com\/de\/\"]}]},{\"@type\":\"BreadcrumbList\",\"@id\":\"https:\/\/hotel-tortuga.com\/de\/#breadcrumb\",\"itemListElement\":[{\"@type\":\"ListItem\",\"position\":1,\"name\":\"Home\",\"item\":\"https:\/\/hotel-tortuga.com\/de\/\"},{\"@type\":\"ListItem\",\"position\":2,\"name\":\"Tortuga\"}]},{\"@type\":\"WebSite\",\"@id\":\"https:\/\/hotel-tortuga.com\/#website\",\"url\":\"https:\/\/hotel-tortuga.com\/\",\"name\":\"Tortuga\",\"description\":\"Hotel | Mex-Mex Restaurant Grafenw\u00f6hr\",\"publisher\":{\"@id\":\"https:\/\/hotel-tortuga.com\/#organization\"},\"potentialAction\":[{\"@type\":\"SearchAction\",\"target\":{\"@type\":\"EntryPoint\",\"urlTemplate\":\"https:\/\/hotel-tortuga.com\/?s={search_term_string}\"},\"query-input\":{\"@type\":\"PropertyValueSpecification\",\"valueRequired\":true,\"valueName\":\"search_term_string\"}}],\"inLanguage\":\"de\"},{\"@type\":\"Organization\",\"@id\":\"https:\/\/hotel-tortuga.com\/#organization\",\"name\":\"Tortuga | Hotel & Restaurant\",\"url\":\"https:\/\/hotel-tortuga.com\/\",\"logo\":{\"@type\":\"ImageObject\",\"inLanguage\":\"de\",\"@id\":\"https:\/\/hotel-tortuga.com\/#\/schema\/logo\/image\/\",\"url\":\"https:\/\/hotel-tortuga.com\/wp-content\/uploads\/2021\/07\/Tortuga-logo-NEU-Updated-schwarz-01.svg\",\"contentUrl\":\"https:\/\/hotel-tortuga.com\/wp-content\/uploads\/2021\/07\/Tortuga-logo-NEU-Updated-schwarz-01.svg\",\"width\":14173,\"height\":4251,\"caption\":\"Tortuga | Hotel & Restaurant\"},\"image\":{\"@id\":\"https:\/\/hotel-tortuga.com\/#\/schema\/logo\/image\/\"},\"sameAs\":[\"https:\/\/www.facebook.com\/1tortuga\"]}]}<\/script>\n<!-- \/ Yoast SEO plugin. -->","yoast_head_json":{"title":"Tortuga - Tortuga","description":"Hotel und Tex-Mex Restaurant \"Tortuga\" in Grafenw\u00f6hr. Unsere Familie und unser Team freuen sich, Sie als Gast bei Tortuga begr\u00fc\u00dfen zu d\u00fcrfen.","robots":{"index":"index","follow":"follow","max-snippet":"max-snippet:-1","max-image-preview":"max-image-preview:large","max-video-preview":"max-video-preview:-1"},"canonical":"https:\/\/hotel-tortuga.com\/de\/","og_locale":"de_DE","og_type":"article","og_title":"Tortuga - Tortuga","og_description":"Hotel und Tex-Mex Restaurant \"Tortuga\" in Grafenw\u00f6hr. Unsere Familie und unser Team freuen sich, Sie als Gast bei Tortuga begr\u00fc\u00dfen zu d\u00fcrfen.","og_url":"https:\/\/hotel-tortuga.com\/de\/","og_site_name":"Tortuga","article_publisher":"https:\/\/www.facebook.com\/1tortuga","article_modified_time":"2025-08-20T09:43:52+00:00","twitter_card":"summary_large_image","twitter_misc":{"Gesch\u00e4tzte Lesezeit":"2\u00a0Minuten"},"schema":{"@context":"https:\/\/schema.org","@graph":[{"@type":"WebPage","@id":"https:\/\/hotel-tortuga.com\/de\/","url":"https:\/\/hotel-tortuga.com\/de\/","name":"Tortuga - Tortuga","isPartOf":{"@id":"https:\/\/hotel-tortuga.com\/#website"},"datePublished":"2021-05-25T07:39:20+00:00","dateModified":"2025-08-20T09:43:52+00:00","description":"Hotel und Tex-Mex Restaurant \"Tortuga\" in Grafenw\u00f6hr. Unsere Familie und unser Team freuen sich, Sie als Gast bei Tortuga begr\u00fc\u00dfen zu d\u00fcrfen.","breadcrumb":{"@id":"https:\/\/hotel-tortuga.com\/de\/#breadcrumb"},"inLanguage":"de","potentialAction":[{"@type":"ReadAction","target":["https:\/\/hotel-tortuga.com\/de\/"]}]},{"@type":"BreadcrumbList","@id":"https:\/\/hotel-tortuga.com\/de\/#breadcrumb","itemListElement":[{"@type":"ListItem","position":1,"name":"Home","item":"https:\/\/hotel-tortuga.com\/de\/"},{"@type":"ListItem","position":2,"name":"Tortuga"}]},{"@type":"WebSite","@id":"https:\/\/hotel-tortuga.com\/#website","url":"https:\/\/hotel-tortuga.com\/","name":"Tortuga","description":"Hotel | Mex-Mex Restaurant Grafenw\u00f6hr","publisher":{"@id":"https:\/\/hotel-tortuga.com\/#organization"},"potentialAction":[{"@type":"SearchAction","target":{"@type":"EntryPoint","urlTemplate":"https:\/\/hotel-tortuga.com\/?s={search_term_string}"},"query-input":{"@type":"PropertyValueSpecification","valueRequired":true,"valueName":"search_term_string"}}],"inLanguage":"de"},{"@type":"Organization","@id":"https:\/\/hotel-tortuga.com\/#organization","name":"Tortuga | Hotel & Restaurant","url":"https:\/\/hotel-tortuga.com\/","logo":{"@type":"ImageObject","inLanguage":"de","@id":"https:\/\/hotel-tortuga.com\/#\/schema\/logo\/image\/","url":"https:\/\/hotel-tortuga.com\/wp-content\/uploads\/2021\/07\/Tortuga-logo-NEU-Updated-schwarz-01.svg","contentUrl":"https:\/\/hotel-tortuga.com\/wp-content\/uploads\/2021\/07\/Tortuga-logo-NEU-Updated-schwarz-01.svg","width":14173,"height":4251,"caption":"Tortuga | Hotel & Restaurant"},"image":{"@id":"https:\/\/hotel-tortuga.com\/#\/schema\/logo\/image\/"},"sameAs":["https:\/\/www.facebook.com\/1tortuga"]}]}},"_links":{"self":[{"href":"https:\/\/hotel-tortuga.com\/de\/wp-json\/wp\/v2\/pages\/12","targetHints":{"allow":["GET"]}}],"collection":[{"href":"https:\/\/hotel-tortuga.com\/de\/wp-json\/wp\/v2\/pages"}],"about":[{"href":"https:\/\/hotel-tortuga.com\/de\/wp-json\/wp\/v2\/types\/page"}],"author":[{"embeddable":true,"href":"https:\/\/hotel-tortuga.com\/de\/wp-json\/wp\/v2\/users\/1"}],"replies":[{"embeddable":true,"href":"https:\/\/hotel-tortuga.com\/de\/wp-json\/wp\/v2\/comments?post=12"}],"version-history":[{"count":11,"href":"https:\/\/hotel-tortuga.com\/de\/wp-json\/wp\/v2\/pages\/12\/revisions"}],"predecessor-version":[{"id":2984,"href":"https:\/\/hotel-tortuga.com\/de\/wp-json\/wp\/v2\/pages\/12\/revisions\/2984"}],"wp:attachment":[{"href":"https:\/\/hotel-tortuga.com\/de\/wp-json\/wp\/v2\/media?parent=12"}],"curies":[{"name":"wp","href":"https:\/\/api.w.org\/{rel}","templated":true}]}}