{"id":29,"date":"2021-05-25T10:48:58","date_gmt":"2021-05-25T08:48:58","guid":{"rendered":"http:\/\/hotel-tortuga.com\/?page_id=29"},"modified":"2021-07-06T14:55:40","modified_gmt":"2021-07-06T12:55:40","slug":"ueber-uns","status":"publish","type":"page","link":"https:\/\/hotel-tortuga.com\/de\/ueber-uns\/","title":{"rendered":"\u00dcber uns"},"content":{"rendered":"<div class=\"wpb-content-wrapper\"><p>[vc_row][vc_column][vc_column_text]<\/p>\n<h1 style=\"text-align: center;\">Unsere Story<\/h1>\n<h3 style=\"text-align: center;\">Ein bisschen was \u00fcber uns<\/h3>\n<p>[\/vc_column_text][vc_empty_space][\/vc_column][\/vc_row][vc_row equal_height=&#8220;yes&#8220; bg_type=&#8220;bg_color&#8220; bg_override=&#8220;full&#8220; bg_color_value=&#8220;#f4f4f4&#8243; css=&#8220;.vc_custom_1623248291741{margin-bottom: -70px !important;}&#8220;][vc_column][vc_row_inner equal_height=&#8220;yes&#8220;][vc_column_inner width=&#8220;1\/2&#8243; css=&#8220;.vc_custom_1623164622090{padding-top: 30px !important;padding-right: 30px !important;padding-bottom: 30px !important;padding-left: 30px !important;background-color: #ffffff !important;}&#8220;][vc_column_text]<\/p>\n<h2 id=\"bgMedia_comp-kp2g0xck1\" class=\"_1J6n9\">Willkommen in Grafenw\u00f6hr<\/h2>\n<p>[\/vc_column_text][vc_separator color=&#8220;custom&#8220; align=&#8220;align_left&#8220; style=&#8220;dashed&#8220; el_width=&#8220;80&#8243; accent_color=&#8220;#dbc8bf&#8220;][vc_column_text]Wir sind Gabi &amp; Tom mit unseren Kindern Conner und Cooper. Tom stammt urspr\u00fcnglich aus Texas und Gabi aus Grafenw\u00f6hr. Wir sind entspannte Menschen, die eine Leidenschaft f\u00fcr gutes Essen und Trinken haben, gerne reisen, Snowboarden, Ski fahren und das Leben genie\u00dfen.<\/p>\n<p>2007 gaben wir unseren Vollzeit-Job auf, gr\u00fcndeten eine Familie, er\u00f6ffneten ein Restaurant und machten Grafenw\u00f6hr zu unserem Zuhause. Im Jahr 2021 haben wir die Renovierung der Hotelzimmer \u00fcber unserem Restaurant abgeschlossen.<\/p>\n<p>Auf unseren Reisen haben wir erkannt, dass der Ort, an dem man w\u00e4hrend eines Urlaubs \u00fcbernachtet, den Urlaub zu einem Erlebnis machen oder aber auch alles zerst\u00f6ren kann. Unser Ziel ist es, Ihre neue Erfahrung in Deutschland, in Grafenw\u00f6hr und bei Tortuga zu einer wirklich gro\u00dfartigen Erfahrung zu machen. Wenn wir also etwas f\u00fcr Sie tun k\u00f6nnen, lassen Sie es uns bitte wissen, wir sind f\u00fcr Sie da! Unsere Familie und unser Team freuen sich, Sie als Gast bei Tortuga begr\u00fc\u00dfen zu d\u00fcrfen.[\/vc_column_text][\/vc_column_inner][vc_column_inner width=&#8220;1\/2&#8243; css=&#8220;.vc_custom_1623250684749{padding-top: 150px !important;padding-bottom: 150px !important;background: #ffffff url(http:\/\/hotel-tortuga.com\/wp-content\/uploads\/2021\/05\/IMG_4054_edited_edited.jpg?id=21) !important;background-position: center !important;background-repeat: no-repeat !important;background-size: contain !important;}&#8220;][\/vc_column_inner][\/vc_row_inner][vc_empty_space][\/vc_column][\/vc_row]<\/p>\n<\/div>","protected":false},"excerpt":{"rendered":"<p>[vc_row][vc_column][vc_column_text] Unsere Story Ein bisschen was \u00fcber uns [\/vc_column_text][vc_empty_space][\/vc_column][\/vc_row][vc_row equal_height=&#8220;yes&#8220; bg_type=&#8220;bg_color&#8220; bg_override=&#8220;full&#8220; bg_color_value=&#8220;#f4f4f4&#8243; css=&#8220;.vc_custom_1623248291741{margin-bottom: -70px !important;}&#8220;][vc_column][vc_row_inner equal_height=&#8220;yes&#8220;][vc_column_inner width=&#8220;1\/2&#8243; css=&#8220;.vc_custom_1623164622090{padding-top: 30px !important;padding-right: 30px !important;padding-bottom: 30px !important;padding-left: 30px !important;background-color: #ffffff !important;}&#8220;][vc_column_text] Willkommen in Grafenw\u00f6hr [\/vc_column_text][vc_separator color=&#8220;custom&#8220; align=&#8220;align_left&#8220; style=&#8220;dashed&#8220; el_width=&#8220;80&#8243; accent_color=&#8220;#dbc8bf&#8220;][vc_column_text]Wir sind Gabi &amp; Tom mit unseren Kindern Conner und Cooper. Tom stammt urspr\u00fcnglich aus Texas und Gabi&hellip;<\/p>\n","protected":false},"author":1,"featured_media":0,"parent":0,"menu_order":0,"comment_status":"closed","ping_status":"closed","template":"","meta":{"footnotes":""},"class_list":["post-29","page","type-page","status-publish","hentry","description-off"],"yoast_head":"<!-- This site is optimized with the Yoast SEO plugin v26.8 - https:\/\/yoast.com\/product\/yoast-seo-wordpress\/ -->\n<title>\u00dcber uns - Tortuga<\/title>\n<meta name=\"robots\" content=\"index, follow, max-snippet:-1, max-image-preview:large, max-video-preview:-1\" \/>\n<link rel=\"canonical\" href=\"https:\/\/hotel-tortuga.com\/de\/ueber-uns\/\" \/>\n<meta property=\"og:locale\" content=\"de_DE\" \/>\n<meta property=\"og:type\" content=\"article\" \/>\n<meta property=\"og:title\" content=\"\u00dcber uns - Tortuga\" \/>\n<meta property=\"og:description\" content=\"[vc_row][vc_column][vc_column_text] Unsere Story Ein bisschen was \u00fcber uns [\/vc_column_text][vc_empty_space][\/vc_column][\/vc_row][vc_row equal_height=&#8220;yes&#8220; bg_type=&#8220;bg_color&#8220; bg_override=&#8220;full&#8220; bg_color_value=&#8220;#f4f4f4&#8243; css=&#8220;.vc_custom_1623248291741{margin-bottom: -70px !important;}&#8220;][vc_column][vc_row_inner equal_height=&#8220;yes&#8220;][vc_column_inner width=&#8220;1\/2&#8243; css=&#8220;.vc_custom_1623164622090{padding-top: 30px !important;padding-right: 30px !important;padding-bottom: 30px !important;padding-left: 30px !important;background-color: #ffffff !important;}&#8220;][vc_column_text] Willkommen in Grafenw\u00f6hr [\/vc_column_text][vc_separator color=&#8220;custom&#8220; align=&#8220;align_left&#8220; style=&#8220;dashed&#8220; el_width=&#8220;80&#8243; accent_color=&#8220;#dbc8bf&#8220;][vc_column_text]Wir sind Gabi &amp; Tom mit unseren Kindern Conner und Cooper. Tom stammt urspr\u00fcnglich aus Texas und Gabi&hellip;\" \/>\n<meta property=\"og:url\" content=\"https:\/\/hotel-tortuga.com\/de\/ueber-uns\/\" \/>\n<meta property=\"og:site_name\" content=\"Tortuga\" \/>\n<meta property=\"article:publisher\" content=\"https:\/\/www.facebook.com\/1tortuga\" \/>\n<meta property=\"article:modified_time\" content=\"2021-07-06T12:55:40+00:00\" \/>\n<meta name=\"twitter:card\" content=\"summary_large_image\" \/>\n<meta name=\"twitter:label1\" content=\"Gesch\u00e4tzte Lesezeit\" \/>\n\t<meta name=\"twitter:data1\" content=\"2\u00a0Minuten\" \/>\n<script type=\"application\/ld+json\" class=\"yoast-schema-graph\">{\"@context\":\"https:\/\/schema.org\",\"@graph\":[{\"@type\":\"WebPage\",\"@id\":\"https:\/\/hotel-tortuga.com\/de\/ueber-uns\/\",\"url\":\"https:\/\/hotel-tortuga.com\/de\/ueber-uns\/\",\"name\":\"\u00dcber uns - Tortuga\",\"isPartOf\":{\"@id\":\"https:\/\/hotel-tortuga.com\/#website\"},\"datePublished\":\"2021-05-25T08:48:58+00:00\",\"dateModified\":\"2021-07-06T12:55:40+00:00\",\"breadcrumb\":{\"@id\":\"https:\/\/hotel-tortuga.com\/de\/ueber-uns\/#breadcrumb\"},\"inLanguage\":\"de\",\"potentialAction\":[{\"@type\":\"ReadAction\",\"target\":[\"https:\/\/hotel-tortuga.com\/de\/ueber-uns\/\"]}]},{\"@type\":\"BreadcrumbList\",\"@id\":\"https:\/\/hotel-tortuga.com\/de\/ueber-uns\/#breadcrumb\",\"itemListElement\":[{\"@type\":\"ListItem\",\"position\":1,\"name\":\"Home\",\"item\":\"https:\/\/hotel-tortuga.com\/de\/\"},{\"@type\":\"ListItem\",\"position\":2,\"name\":\"\u00dcber uns\"}]},{\"@type\":\"WebSite\",\"@id\":\"https:\/\/hotel-tortuga.com\/#website\",\"url\":\"https:\/\/hotel-tortuga.com\/\",\"name\":\"Tortuga\",\"description\":\"Hotel | Mex-Mex Restaurant Grafenw\u00f6hr\",\"publisher\":{\"@id\":\"https:\/\/hotel-tortuga.com\/#organization\"},\"potentialAction\":[{\"@type\":\"SearchAction\",\"target\":{\"@type\":\"EntryPoint\",\"urlTemplate\":\"https:\/\/hotel-tortuga.com\/?s={search_term_string}\"},\"query-input\":{\"@type\":\"PropertyValueSpecification\",\"valueRequired\":true,\"valueName\":\"search_term_string\"}}],\"inLanguage\":\"de\"},{\"@type\":\"Organization\",\"@id\":\"https:\/\/hotel-tortuga.com\/#organization\",\"name\":\"Tortuga | Hotel & Restaurant\",\"url\":\"https:\/\/hotel-tortuga.com\/\",\"logo\":{\"@type\":\"ImageObject\",\"inLanguage\":\"de\",\"@id\":\"https:\/\/hotel-tortuga.com\/#\/schema\/logo\/image\/\",\"url\":\"https:\/\/hotel-tortuga.com\/wp-content\/uploads\/2021\/07\/Tortuga-logo-NEU-Updated-schwarz-01.svg\",\"contentUrl\":\"https:\/\/hotel-tortuga.com\/wp-content\/uploads\/2021\/07\/Tortuga-logo-NEU-Updated-schwarz-01.svg\",\"width\":14173,\"height\":4251,\"caption\":\"Tortuga | Hotel & Restaurant\"},\"image\":{\"@id\":\"https:\/\/hotel-tortuga.com\/#\/schema\/logo\/image\/\"},\"sameAs\":[\"https:\/\/www.facebook.com\/1tortuga\"]}]}<\/script>\n<!-- \/ Yoast SEO plugin. -->","yoast_head_json":{"title":"\u00dcber uns - Tortuga","robots":{"index":"index","follow":"follow","max-snippet":"max-snippet:-1","max-image-preview":"max-image-preview:large","max-video-preview":"max-video-preview:-1"},"canonical":"https:\/\/hotel-tortuga.com\/de\/ueber-uns\/","og_locale":"de_DE","og_type":"article","og_title":"\u00dcber uns - Tortuga","og_description":"[vc_row][vc_column][vc_column_text] Unsere Story Ein bisschen was \u00fcber uns [\/vc_column_text][vc_empty_space][\/vc_column][\/vc_row][vc_row equal_height=&#8220;yes&#8220; bg_type=&#8220;bg_color&#8220; bg_override=&#8220;full&#8220; bg_color_value=&#8220;#f4f4f4&#8243; css=&#8220;.vc_custom_1623248291741{margin-bottom: -70px !important;}&#8220;][vc_column][vc_row_inner equal_height=&#8220;yes&#8220;][vc_column_inner width=&#8220;1\/2&#8243; css=&#8220;.vc_custom_1623164622090{padding-top: 30px !important;padding-right: 30px !important;padding-bottom: 30px !important;padding-left: 30px !important;background-color: #ffffff !important;}&#8220;][vc_column_text] Willkommen in Grafenw\u00f6hr [\/vc_column_text][vc_separator color=&#8220;custom&#8220; align=&#8220;align_left&#8220; style=&#8220;dashed&#8220; el_width=&#8220;80&#8243; accent_color=&#8220;#dbc8bf&#8220;][vc_column_text]Wir sind Gabi &amp; Tom mit unseren Kindern Conner und Cooper. Tom stammt urspr\u00fcnglich aus Texas und Gabi&hellip;","og_url":"https:\/\/hotel-tortuga.com\/de\/ueber-uns\/","og_site_name":"Tortuga","article_publisher":"https:\/\/www.facebook.com\/1tortuga","article_modified_time":"2021-07-06T12:55:40+00:00","twitter_card":"summary_large_image","twitter_misc":{"Gesch\u00e4tzte Lesezeit":"2\u00a0Minuten"},"schema":{"@context":"https:\/\/schema.org","@graph":[{"@type":"WebPage","@id":"https:\/\/hotel-tortuga.com\/de\/ueber-uns\/","url":"https:\/\/hotel-tortuga.com\/de\/ueber-uns\/","name":"\u00dcber uns - Tortuga","isPartOf":{"@id":"https:\/\/hotel-tortuga.com\/#website"},"datePublished":"2021-05-25T08:48:58+00:00","dateModified":"2021-07-06T12:55:40+00:00","breadcrumb":{"@id":"https:\/\/hotel-tortuga.com\/de\/ueber-uns\/#breadcrumb"},"inLanguage":"de","potentialAction":[{"@type":"ReadAction","target":["https:\/\/hotel-tortuga.com\/de\/ueber-uns\/"]}]},{"@type":"BreadcrumbList","@id":"https:\/\/hotel-tortuga.com\/de\/ueber-uns\/#breadcrumb","itemListElement":[{"@type":"ListItem","position":1,"name":"Home","item":"https:\/\/hotel-tortuga.com\/de\/"},{"@type":"ListItem","position":2,"name":"\u00dcber uns"}]},{"@type":"WebSite","@id":"https:\/\/hotel-tortuga.com\/#website","url":"https:\/\/hotel-tortuga.com\/","name":"Tortuga","description":"Hotel | Mex-Mex Restaurant Grafenw\u00f6hr","publisher":{"@id":"https:\/\/hotel-tortuga.com\/#organization"},"potentialAction":[{"@type":"SearchAction","target":{"@type":"EntryPoint","urlTemplate":"https:\/\/hotel-tortuga.com\/?s={search_term_string}"},"query-input":{"@type":"PropertyValueSpecification","valueRequired":true,"valueName":"search_term_string"}}],"inLanguage":"de"},{"@type":"Organization","@id":"https:\/\/hotel-tortuga.com\/#organization","name":"Tortuga | Hotel & Restaurant","url":"https:\/\/hotel-tortuga.com\/","logo":{"@type":"ImageObject","inLanguage":"de","@id":"https:\/\/hotel-tortuga.com\/#\/schema\/logo\/image\/","url":"https:\/\/hotel-tortuga.com\/wp-content\/uploads\/2021\/07\/Tortuga-logo-NEU-Updated-schwarz-01.svg","contentUrl":"https:\/\/hotel-tortuga.com\/wp-content\/uploads\/2021\/07\/Tortuga-logo-NEU-Updated-schwarz-01.svg","width":14173,"height":4251,"caption":"Tortuga | Hotel & Restaurant"},"image":{"@id":"https:\/\/hotel-tortuga.com\/#\/schema\/logo\/image\/"},"sameAs":["https:\/\/www.facebook.com\/1tortuga"]}]}},"_links":{"self":[{"href":"https:\/\/hotel-tortuga.com\/de\/wp-json\/wp\/v2\/pages\/29","targetHints":{"allow":["GET"]}}],"collection":[{"href":"https:\/\/hotel-tortuga.com\/de\/wp-json\/wp\/v2\/pages"}],"about":[{"href":"https:\/\/hotel-tortuga.com\/de\/wp-json\/wp\/v2\/types\/page"}],"author":[{"embeddable":true,"href":"https:\/\/hotel-tortuga.com\/de\/wp-json\/wp\/v2\/users\/1"}],"replies":[{"embeddable":true,"href":"https:\/\/hotel-tortuga.com\/de\/wp-json\/wp\/v2\/comments?post=29"}],"version-history":[{"count":10,"href":"https:\/\/hotel-tortuga.com\/de\/wp-json\/wp\/v2\/pages\/29\/revisions"}],"predecessor-version":[{"id":2449,"href":"https:\/\/hotel-tortuga.com\/de\/wp-json\/wp\/v2\/pages\/29\/revisions\/2449"}],"wp:attachment":[{"href":"https:\/\/hotel-tortuga.com\/de\/wp-json\/wp\/v2\/media?parent=29"}],"curies":[{"name":"wp","href":"https:\/\/api.w.org\/{rel}","templated":true}]}}